{"id":9,"date":"2024-02-07T16:13:09","date_gmt":"2024-02-07T16:13:09","guid":{"rendered":"https:\/\/procasa.local\/?page_id=9"},"modified":"2024-06-03T09:36:17","modified_gmt":"2024-06-03T09:36:17","slug":"home","status":"publish","type":"page","link":"https:\/\/procasacadiz.es\/actuacion-guillen-moreno\/","title":{"rendered":"Home"},"content":{"rendered":"<div class=\"wp-bootstrap-blocks-container container mb-2 my-5\">\n\t\n<div class=\"wp-bootstrap-blocks-row row\">\n\t\n\n<div class=\"col-12 col-md-9\">\n\t\t\t\n\n<h2 class=\"wp-block-heading h1 line-right\">Obra sustituci\u00f3n de bajantes y centralizaci\u00f3n de contadores en Guill\u00e9n Moreno &#8211; C\u00e1diz<\/h2>\n\n\t<\/div>\n\n<\/div>\n\n<\/div>\n\n\n<div class=\"wp-bootstrap-blocks-container container mb-2\">\n\t\n<div class=\"wp-bootstrap-blocks-row row justify-content-center\">\n\t\n\n<div class=\"col-12 col-md-12\">\n\t\t\t<div class=\"h-100 d-flex flex-column justify-content-center\">\n\t\t\t\n\n<figure class=\"wp-block-video\"><video controls poster=\"https:\/\/procasacadiz.es\/actuacion-guillen-moreno\/wp-content\/uploads\/2024\/06\/poster.png\" preload=\"auto\" src=\"https:\/\/procasacadiz.es\/actuacion-guillen-moreno\/wp-content\/uploads\/2024\/06\/documental-procasa-guillen-moreno-2.mp4\" playsinline><\/video><\/figure>\n\n\t\t<\/div>\n\t<\/div>\n\n<\/div>\n\n<\/div>\n\n\n<div class=\"wp-bootstrap-blocks-container container mb-2\">\n\t\n<div class=\"wp-bootstrap-blocks-row row py-4\">\n\t\n\n<div class=\"col-12 col-md-9\">\n\t\t\t\n\n<p>En la <strong>barriada \u201cGuill\u00e9n Moreno\u201d PROCASA gestiona<\/strong> 501 Viviendas y 3 locales (en R\u00e9gimen de arrendamiento), distribuidas en 11 bloques. En esta zona se realizar\u00e1n mejoras en la red de evacuaci\u00f3n de estos edificios y en la red de alimentaci\u00f3n de agua sanitaria de los bloques, concretamente, sustituyendo la totalidad de los bajantes, as\u00ed como la centralizaci\u00f3n de los contadores de agua.<br><br>Esta promoci\u00f3n de viviendas sociales se construyeron a principios de la d\u00e9cada de los a\u00f1os 70, junto a la v\u00eda del tren, entonces no soterrado, y que acab\u00f3 conformando el barrio de Guill\u00e9n Moreno.<br>La revista Actualidad Espa\u00f1ola, una de las publicaciones gr\u00e1ficas m\u00e1s importantes del pa\u00eds, edit\u00f3 en<strong> octubre de 1970 un n\u00famero especial dedicado a los tres mil a\u00f1os de C\u00e1diz.<\/strong> Entre numerosos reportajes, se dedicaba uno al nacimiento del nuevo barrio y a la peculiar forma de construcci\u00f3n del mismo.<\/p>\n\n\t<\/div>\n\n<\/div>\n\n\n<div class=\"wp-bootstrap-blocks-row row\">\n\t\n\n<div class=\"col-12 col-md-6\">\n\t\t\t\n\n<figure data-wp-context=\"{&quot;imageId&quot;:&quot;69de26b78288b&quot;}\" data-wp-interactive=\"core\/image\" data-wp-key=\"69de26b78288b\" class=\"wp-block-image size-full border-r20 wp-lightbox-container\"><img loading=\"lazy\" decoding=\"async\" width=\"818\" height=\"557\" data-wp-class--hide=\"state.isContentHidden\" data-wp-class--show=\"state.isContentVisible\" data-wp-init=\"callbacks.setButtonStyles\" data-wp-on--click=\"actions.showLightbox\" data-wp-on--load=\"callbacks.setButtonStyles\" data-wp-on-window--resize=\"callbacks.setButtonStyles\" src=\"https:\/\/procasacadiz.es\/actuacion-guillen-moreno\/wp-content\/uploads\/2024\/05\/Reportaje-Guillen-Moreno-Actualidad-Espanola_1437166440_116952994_667x375-1.png\" alt=\"\" class=\"wp-image-32\" srcset=\"https:\/\/procasacadiz.es\/actuacion-guillen-moreno\/wp-content\/uploads\/2024\/05\/Reportaje-Guillen-Moreno-Actualidad-Espanola_1437166440_116952994_667x375-1.png 818w, https:\/\/procasacadiz.es\/actuacion-guillen-moreno\/wp-content\/uploads\/2024\/05\/Reportaje-Guillen-Moreno-Actualidad-Espanola_1437166440_116952994_667x375-1-300x204.png 300w, https:\/\/procasacadiz.es\/actuacion-guillen-moreno\/wp-content\/uploads\/2024\/05\/Reportaje-Guillen-Moreno-Actualidad-Espanola_1437166440_116952994_667x375-1-768x523.png 768w\" sizes=\"auto, (max-width: 818px) 100vw, 818px\" \/><button\n\t\t\tclass=\"lightbox-trigger\"\n\t\t\ttype=\"button\"\n\t\t\taria-haspopup=\"dialog\"\n\t\t\taria-label=\"Agrandar\"\n\t\t\tdata-wp-init=\"callbacks.initTriggerButton\"\n\t\t\tdata-wp-on--click=\"actions.showLightbox\"\n\t\t\tdata-wp-style--right=\"state.imageButtonRight\"\n\t\t\tdata-wp-style--top=\"state.imageButtonTop\"\n\t\t>\n\t\t\t<svg xmlns=\"http:\/\/www.w3.org\/2000\/svg\" width=\"12\" height=\"12\" fill=\"none\" viewBox=\"0 0 12 12\">\n\t\t\t\t<path fill=\"#fff\" d=\"M2 0a2 2 0 0 0-2 2v2h1.5V2a.5.5 0 0 1 .5-.5h2V0H2Zm2 10.5H2a.5.5 0 0 1-.5-.5V8H0v2a2 2 0 0 0 2 2h2v-1.5ZM8 12v-1.5h2a.5.5 0 0 0 .5-.5V8H12v2a2 2 0 0 1-2 2H8Zm2-12a2 2 0 0 1 2 2v2h-1.5V2a.5.5 0 0 0-.5-.5H8V0h2Z\" \/>\n\t\t\t<\/svg>\n\t\t<\/button><figcaption class=\"wp-element-caption\">Reportaje sobre Guill\u00e9n Moreno en la revista Actualidad Espa\u00f1ola en 1970<\/figcaption><\/figure>\n\n\t<\/div>\n\n\n\n<div class=\"col-12 col-md-6\">\n\t\t\t\n\n<figure data-wp-context=\"{&quot;imageId&quot;:&quot;69de26b783339&quot;}\" data-wp-interactive=\"core\/image\" data-wp-key=\"69de26b783339\" class=\"wp-block-image size-full border-r20 wp-lightbox-container\"><img loading=\"lazy\" decoding=\"async\" width=\"819\" height=\"557\" data-wp-class--hide=\"state.isContentHidden\" data-wp-class--show=\"state.isContentVisible\" data-wp-init=\"callbacks.setButtonStyles\" data-wp-on--click=\"actions.showLightbox\" data-wp-on--load=\"callbacks.setButtonStyles\" data-wp-on-window--resize=\"callbacks.setButtonStyles\" src=\"https:\/\/procasacadiz.es\/actuacion-guillen-moreno\/wp-content\/uploads\/2024\/05\/6-SANIDAD-edit-1.png\" alt=\"\" class=\"wp-image-33\" srcset=\"https:\/\/procasacadiz.es\/actuacion-guillen-moreno\/wp-content\/uploads\/2024\/05\/6-SANIDAD-edit-1.png 819w, https:\/\/procasacadiz.es\/actuacion-guillen-moreno\/wp-content\/uploads\/2024\/05\/6-SANIDAD-edit-1-300x204.png 300w, https:\/\/procasacadiz.es\/actuacion-guillen-moreno\/wp-content\/uploads\/2024\/05\/6-SANIDAD-edit-1-768x522.png 768w\" sizes=\"auto, (max-width: 819px) 100vw, 819px\" \/><button\n\t\t\tclass=\"lightbox-trigger\"\n\t\t\ttype=\"button\"\n\t\t\taria-haspopup=\"dialog\"\n\t\t\taria-label=\"Agrandar\"\n\t\t\tdata-wp-init=\"callbacks.initTriggerButton\"\n\t\t\tdata-wp-on--click=\"actions.showLightbox\"\n\t\t\tdata-wp-style--right=\"state.imageButtonRight\"\n\t\t\tdata-wp-style--top=\"state.imageButtonTop\"\n\t\t>\n\t\t\t<svg xmlns=\"http:\/\/www.w3.org\/2000\/svg\" width=\"12\" height=\"12\" fill=\"none\" viewBox=\"0 0 12 12\">\n\t\t\t\t<path fill=\"#fff\" d=\"M2 0a2 2 0 0 0-2 2v2h1.5V2a.5.5 0 0 1 .5-.5h2V0H2Zm2 10.5H2a.5.5 0 0 1-.5-.5V8H0v2a2 2 0 0 0 2 2h2v-1.5ZM8 12v-1.5h2a.5.5 0 0 0 .5-.5V8H12v2a2 2 0 0 1-2 2H8Zm2-12a2 2 0 0 1 2 2v2h-1.5V2a.5.5 0 0 0-.5-.5H8V0h2Z\" \/>\n\t\t\t<\/svg>\n\t\t<\/button><\/figure>\n\n\t<\/div>\n\n<\/div>\n\n\n<div class=\"wp-bootstrap-blocks-row row my-4\">\n\t\n\n<div class=\"col-12 col-md-6\">\n\t\t\t\n\n<h2 class=\"wp-block-heading color-cyan\">\u201cEdificio de doce plantas levantado en veinte d\u00edas\u201d<\/h2>\n\n\t<\/div>\n\n\n\n<div class=\"col-12 col-md-6\">\n\t\t\t\n\n<p>As\u00ed titula la revista el reportaje. \u2018\u2018La rapidez en la construcci\u00f3n de estas viviendas p\u00fablicas contrasta, en la historia de C\u00e1diz del \u00faltimo siglo, con la <strong>lentitud con la que se fueron levantando las promociones sociales tan necesarias tras la tragedia de la explosi\u00f3n de 1947<\/strong>, que dej\u00f3 a muchas familias sin hogar en una ciudad que ya sufr\u00eda un importante d\u00e9ficit de viviendas para familias sin apenas recursos.\u2019\u2019<br><br>Estas viviendas de Guill\u00e9n Moreno, <strong>barrio que mejor\u00f3 su accesibilidad tras el soterramiento de la v\u00eda f\u00e9rrea<\/strong>, donde de manera casi parmanente, Procasa ha hecho y sigue haciendo importantes inversiones en su mantenimiento.<\/p>\n\n\t<\/div>\n\n<\/div>\n\n<\/div>\n\n\n\n<div class=\"wp-block-group has-white-color has-text-color has-background has-link-color wp-elements-5b1ddb8c0f7b6fbe48bc59c71dc53833\" style=\"background-color:#008de3\"><div class=\"wp-block-group__inner-container is-layout-constrained wp-block-group-is-layout-constrained\"><div class=\"wp-bootstrap-blocks-container container mb-2\">\n\t\n<div class=\"wp-bootstrap-blocks-row row justify-content-center\">\n\t\n\n<div class=\"col-12 col-md-8\">\n\t\t\t\n\n<p class=\"has-text-align-center py-4\">El presente proyecto se realiza por encargo del Excmo. Ayuntamiento de C\u00e1diz, propietario de los 11 bloques (501 viviendas y 3 locales) de la barriada Guillen Moreno. Dichas viviendas est\u00e1n destinadas al alquiler social.<\/p>\n\n\t<\/div>\n\n<\/div>\n\n<\/div>\n<\/div><\/div>\n\n\n<div class=\"wp-bootstrap-blocks-container container mb-2 py-5\">\n\t\n<div class=\"wp-bootstrap-blocks-row row\">\n\t\n\n<div class=\"col-12 col-md-6\">\n\t\t\t\n\n<div class=\"wp-block-group selector\"><div class=\"wp-block-group__inner-container is-layout-constrained wp-block-group-is-layout-constrained\">\n<h3 class=\"wp-block-heading h2 color-cyan\">Ejecuci\u00f3n de las obras<\/h3>\n\n\n\n<ul class=\"wp-block-list\">\n<li>Descripci\u00f3n del proyecto y zona de actuaci\u00f3n<\/li>\n\n\n\n<li>Procedimiento de actuaci\u00f3n<\/li>\n\n\n\n<li>Seguridad y prevenci\u00f3n durante la ejecuci\u00f3n<\/li>\n<\/ul>\n\n\n\n<p><a href=\"https:\/\/procasacadiz.es\/actuacion-guillen-moreno\/ejecucion-de-obras\/\" data-type=\"page\" data-id=\"15\">Leer m\u00e1s<\/a><\/p>\n<\/div><\/div>\n\n\t<\/div>\n\n\n\n<div class=\"col-12 col-md-6\">\n\t\t\t\n\n<div class=\"wp-block-group selector\"><div class=\"wp-block-group__inner-container is-layout-constrained wp-block-group-is-layout-constrained\">\n<h3 class=\"wp-block-heading h2 color-cyan\">Gesti\u00f3n de la atenci\u00f3n social<\/h3>\n\n\n\n<ul class=\"wp-block-list\">\n<li>Dise\u00f1o del dispositivo<\/li>\n\n\n\n<li>Puesta en marcha y ejecuci\u00f3n<\/li>\n\n\n\n<li>Metodolog\u00eda, regularizaci\u00f3n y coordinaci\u00f3n con otras entidades<\/li>\n<\/ul>\n\n\n\n<p><a href=\"https:\/\/procasacadiz.es\/actuacion-guillen-moreno\/gestion-de-atencion-social\/\" data-type=\"page\" data-id=\"17\">Leer m\u00e1s<\/a><\/p>\n<\/div><\/div>\n\n\t<\/div>\n\n<\/div>\n\n<\/div>\n","protected":false},"excerpt":{"rendered":"<p> [&#8230;]<\/p>\n<p><a class=\"btn btn-secondary understrap-read-more-link\" href=\"https:\/\/procasacadiz.es\/actuacion-guillen-moreno\/\">Leer m\u00e1s&#8230;<\/a><\/p>\n","protected":false},"author":1,"featured_media":0,"parent":0,"menu_order":0,"comment_status":"closed","ping_status":"closed","template":"page-templates\/empty.php","meta":{"inline_featured_image":false,"footnotes":""},"class_list":["post-9","page","type-page","status-publish","hentry"],"featured_image_src":null,"_links":{"self":[{"href":"https:\/\/procasacadiz.es\/actuacion-guillen-moreno\/wp-json\/wp\/v2\/pages\/9","targetHints":{"allow":["GET"]}}],"collection":[{"href":"https:\/\/procasacadiz.es\/actuacion-guillen-moreno\/wp-json\/wp\/v2\/pages"}],"about":[{"href":"https:\/\/procasacadiz.es\/actuacion-guillen-moreno\/wp-json\/wp\/v2\/types\/page"}],"author":[{"embeddable":true,"href":"https:\/\/procasacadiz.es\/actuacion-guillen-moreno\/wp-json\/wp\/v2\/users\/1"}],"replies":[{"embeddable":true,"href":"https:\/\/procasacadiz.es\/actuacion-guillen-moreno\/wp-json\/wp\/v2\/comments?post=9"}],"version-history":[{"count":17,"href":"https:\/\/procasacadiz.es\/actuacion-guillen-moreno\/wp-json\/wp\/v2\/pages\/9\/revisions"}],"predecessor-version":[{"id":203,"href":"https:\/\/procasacadiz.es\/actuacion-guillen-moreno\/wp-json\/wp\/v2\/pages\/9\/revisions\/203"}],"wp:attachment":[{"href":"https:\/\/procasacadiz.es\/actuacion-guillen-moreno\/wp-json\/wp\/v2\/media?parent=9"}],"curies":[{"name":"wp","href":"https:\/\/api.w.org\/{rel}","templated":true}]}}